{"id":1739,"date":"2021-01-18T23:58:00","date_gmt":"2021-01-18T09:00:40","guid":{"rendered":"https:\/\/www.easyspt.com\/shop\/easyspt100-light\/"},"modified":"2021-03-05T11:59:34","modified_gmt":"2021-03-05T10:59:34","slug":"easyspt100-light","status":"publish","type":"product","link":"https:\/\/www.easyspt.com\/it\/shop\/easyspt100-light\/","title":{"rendered":"easySPT100 Light"},"content":{"rendered":"<p>easySPT100 Light version<\/p>\n","protected":false},"excerpt":{"rendered":"<p>\u00c8 il campionatore pi\u00f9 economico di questa famiglia dato il numero ridotto di componenti installati. \u00c8 adatto per uso interno dove non \u00e8 necessaria la protezione per gli agenti atmosferici. Pu\u00f2 essere fornito con testa di campionamento 24 ore o 7 giorni intercambiabile.<\/p>\n","protected":false},"featured_media":448,"comment_status":"open","ping_status":"closed","template":"","meta":{"inline_featured_image":false},"product_brand":[],"product_cat":[71,72],"product_tag":[],"class_list":{"0":"post-1739","1":"product","2":"type-product","3":"status-publish","4":"has-post-thumbnail","6":"product_cat-air-samplers-it","7":"product_cat-easyspt100-family-it","9":"first","10":"instock","11":"taxable","12":"shipping-taxable","13":"product-type-variable"},"yoast_head":"<!-- This site is optimized with the Yoast SEO plugin v26.9 - https:\/\/yoast.com\/product\/yoast-seo-wordpress\/ -->\n<title>EasySPT100 Light more cheeper Hirst Impactor of this family<\/title>\n<meta name=\"description\" content=\"Is the more cheeper sampler of this family because the reduced number of components installed. It\u2019s suited for interior where protection for atmospheric agents isn\u2019t needed.\" \/>\n<meta name=\"robots\" content=\"index, follow, max-snippet:-1, max-image-preview:large, max-video-preview:-1\" \/>\n<link rel=\"canonical\" href=\"https:\/\/www.easyspt.com\/shop\/easyspt100-light\/\" \/>\n<meta property=\"og:locale\" content=\"it_IT\" \/>\n<meta property=\"og:type\" content=\"article\" \/>\n<meta property=\"og:title\" content=\"EasySPT100 Light more cheeper Hirst Impactor of this family\" \/>\n<meta property=\"og:description\" content=\"Is the more cheeper sampler of this family because the reduced number of components installed. It\u2019s suited for interior where protection for atmospheric agents isn\u2019t needed.\" \/>\n<meta property=\"og:url\" content=\"https:\/\/www.easyspt.com\/shop\/easyspt100-light\/\" \/>\n<meta property=\"og:site_name\" content=\"easySPT\" \/>\n<meta property=\"article:modified_time\" content=\"2021-03-05T10:59:34+00:00\" \/>\n<meta property=\"og:image\" content=\"https:\/\/www.easyspt.com\/wp-content\/uploads\/2020\/11\/easySPT100-Light.png\" \/>\n\t<meta property=\"og:image:width\" content=\"1200\" \/>\n\t<meta property=\"og:image:height\" content=\"1077\" \/>\n\t<meta property=\"og:image:type\" content=\"image\/png\" \/>\n<meta name=\"twitter:card\" content=\"summary_large_image\" \/>\n<meta name=\"twitter:label1\" content=\"Tempo di lettura stimato\" \/>\n\t<meta name=\"twitter:data1\" content=\"1 minuto\" \/>\n<script type=\"application\/ld+json\" class=\"yoast-schema-graph\">{\"@context\":\"https:\/\/schema.org\",\"@graph\":[{\"@type\":\"WebPage\",\"@id\":\"https:\/\/www.easyspt.com\/shop\/easyspt100-light\/\",\"url\":\"https:\/\/www.easyspt.com\/shop\/easyspt100-light\/\",\"name\":\"EasySPT100 Light more cheeper Hirst Impactor of this family\",\"isPartOf\":{\"@id\":\"https:\/\/www.easyspt.com\/it\/#website\"},\"primaryImageOfPage\":{\"@id\":\"https:\/\/www.easyspt.com\/shop\/easyspt100-light\/#primaryimage\"},\"image\":{\"@id\":\"https:\/\/www.easyspt.com\/shop\/easyspt100-light\/#primaryimage\"},\"thumbnailUrl\":\"https:\/\/www.easyspt.com\/wp-content\/uploads\/2020\/11\/easySPT100-Light.png\",\"datePublished\":\"2021-01-18T09:00:40+00:00\",\"dateModified\":\"2021-03-05T10:59:34+00:00\",\"description\":\"Is the more cheeper sampler of this family because the reduced number of components installed. It\u2019s suited for interior where protection for atmospheric agents isn\u2019t needed.\",\"breadcrumb\":{\"@id\":\"https:\/\/www.easyspt.com\/shop\/easyspt100-light\/#breadcrumb\"},\"inLanguage\":\"it-IT\",\"potentialAction\":[{\"@type\":\"ReadAction\",\"target\":[\"https:\/\/www.easyspt.com\/shop\/easyspt100-light\/\"]}]},{\"@type\":\"ImageObject\",\"inLanguage\":\"it-IT\",\"@id\":\"https:\/\/www.easyspt.com\/shop\/easyspt100-light\/#primaryimage\",\"url\":\"https:\/\/www.easyspt.com\/wp-content\/uploads\/2020\/11\/easySPT100-Light.png\",\"contentUrl\":\"https:\/\/www.easyspt.com\/wp-content\/uploads\/2020\/11\/easySPT100-Light.png\",\"width\":1200,\"height\":1077},{\"@type\":\"BreadcrumbList\",\"@id\":\"https:\/\/www.easyspt.com\/shop\/easyspt100-light\/#breadcrumb\",\"itemListElement\":[{\"@type\":\"ListItem\",\"position\":1,\"name\":\"Home\",\"item\":\"https:\/\/www.easyspt.com\/it\/\"},{\"@type\":\"ListItem\",\"position\":2,\"name\":\"Prodotti\",\"item\":\"https:\/\/www.easyspt.com\/it\/shop\/\"},{\"@type\":\"ListItem\",\"position\":3,\"name\":\"easySPT100 Light\"}]},{\"@type\":\"WebSite\",\"@id\":\"https:\/\/www.easyspt.com\/it\/#website\",\"url\":\"https:\/\/www.easyspt.com\/it\/\",\"name\":\"easySPT\",\"description\":\"volumetric pollen sampler instruments for spores and pollens sampling\",\"potentialAction\":[{\"@type\":\"SearchAction\",\"target\":{\"@type\":\"EntryPoint\",\"urlTemplate\":\"https:\/\/www.easyspt.com\/it\/?s={search_term_string}\"},\"query-input\":{\"@type\":\"PropertyValueSpecification\",\"valueRequired\":true,\"valueName\":\"search_term_string\"}}],\"inLanguage\":\"it-IT\"}]}<\/script>\n<!-- \/ Yoast SEO plugin. -->","yoast_head_json":{"title":"EasySPT100 Light more cheeper Hirst Impactor of this family","description":"Is the more cheeper sampler of this family because the reduced number of components installed. It\u2019s suited for interior where protection for atmospheric agents isn\u2019t needed.","robots":{"index":"index","follow":"follow","max-snippet":"max-snippet:-1","max-image-preview":"max-image-preview:large","max-video-preview":"max-video-preview:-1"},"canonical":"https:\/\/www.easyspt.com\/shop\/easyspt100-light\/","og_locale":"it_IT","og_type":"article","og_title":"EasySPT100 Light more cheeper Hirst Impactor of this family","og_description":"Is the more cheeper sampler of this family because the reduced number of components installed. It\u2019s suited for interior where protection for atmospheric agents isn\u2019t needed.","og_url":"https:\/\/www.easyspt.com\/shop\/easyspt100-light\/","og_site_name":"easySPT","article_modified_time":"2021-03-05T10:59:34+00:00","og_image":[{"width":1200,"height":1077,"url":"https:\/\/www.easyspt.com\/wp-content\/uploads\/2020\/11\/easySPT100-Light.png","type":"image\/png"}],"twitter_card":"summary_large_image","twitter_misc":{"Tempo di lettura stimato":"1 minuto"},"schema":{"@context":"https:\/\/schema.org","@graph":[{"@type":"WebPage","@id":"https:\/\/www.easyspt.com\/shop\/easyspt100-light\/","url":"https:\/\/www.easyspt.com\/shop\/easyspt100-light\/","name":"EasySPT100 Light more cheeper Hirst Impactor of this family","isPartOf":{"@id":"https:\/\/www.easyspt.com\/it\/#website"},"primaryImageOfPage":{"@id":"https:\/\/www.easyspt.com\/shop\/easyspt100-light\/#primaryimage"},"image":{"@id":"https:\/\/www.easyspt.com\/shop\/easyspt100-light\/#primaryimage"},"thumbnailUrl":"https:\/\/www.easyspt.com\/wp-content\/uploads\/2020\/11\/easySPT100-Light.png","datePublished":"2021-01-18T09:00:40+00:00","dateModified":"2021-03-05T10:59:34+00:00","description":"Is the more cheeper sampler of this family because the reduced number of components installed. It\u2019s suited for interior where protection for atmospheric agents isn\u2019t needed.","breadcrumb":{"@id":"https:\/\/www.easyspt.com\/shop\/easyspt100-light\/#breadcrumb"},"inLanguage":"it-IT","potentialAction":[{"@type":"ReadAction","target":["https:\/\/www.easyspt.com\/shop\/easyspt100-light\/"]}]},{"@type":"ImageObject","inLanguage":"it-IT","@id":"https:\/\/www.easyspt.com\/shop\/easyspt100-light\/#primaryimage","url":"https:\/\/www.easyspt.com\/wp-content\/uploads\/2020\/11\/easySPT100-Light.png","contentUrl":"https:\/\/www.easyspt.com\/wp-content\/uploads\/2020\/11\/easySPT100-Light.png","width":1200,"height":1077},{"@type":"BreadcrumbList","@id":"https:\/\/www.easyspt.com\/shop\/easyspt100-light\/#breadcrumb","itemListElement":[{"@type":"ListItem","position":1,"name":"Home","item":"https:\/\/www.easyspt.com\/it\/"},{"@type":"ListItem","position":2,"name":"Prodotti","item":"https:\/\/www.easyspt.com\/it\/shop\/"},{"@type":"ListItem","position":3,"name":"easySPT100 Light"}]},{"@type":"WebSite","@id":"https:\/\/www.easyspt.com\/it\/#website","url":"https:\/\/www.easyspt.com\/it\/","name":"easySPT","description":"volumetric pollen sampler instruments for spores and pollens sampling","potentialAction":[{"@type":"SearchAction","target":{"@type":"EntryPoint","urlTemplate":"https:\/\/www.easyspt.com\/it\/?s={search_term_string}"},"query-input":{"@type":"PropertyValueSpecification","valueRequired":true,"valueName":"search_term_string"}}],"inLanguage":"it-IT"}]}},"_links":{"self":[{"href":"https:\/\/www.easyspt.com\/it\/wp-json\/wp\/v2\/product\/1739","targetHints":{"allow":["GET"]}}],"collection":[{"href":"https:\/\/www.easyspt.com\/it\/wp-json\/wp\/v2\/product"}],"about":[{"href":"https:\/\/www.easyspt.com\/it\/wp-json\/wp\/v2\/types\/product"}],"replies":[{"embeddable":true,"href":"https:\/\/www.easyspt.com\/it\/wp-json\/wp\/v2\/comments?post=1739"}],"wp:featuredmedia":[{"embeddable":true,"href":"https:\/\/www.easyspt.com\/it\/wp-json\/wp\/v2\/media\/448"}],"wp:attachment":[{"href":"https:\/\/www.easyspt.com\/it\/wp-json\/wp\/v2\/media?parent=1739"}],"wp:term":[{"taxonomy":"product_brand","embeddable":true,"href":"https:\/\/www.easyspt.com\/it\/wp-json\/wp\/v2\/product_brand?post=1739"},{"taxonomy":"product_cat","embeddable":true,"href":"https:\/\/www.easyspt.com\/it\/wp-json\/wp\/v2\/product_cat?post=1739"},{"taxonomy":"product_tag","embeddable":true,"href":"https:\/\/www.easyspt.com\/it\/wp-json\/wp\/v2\/product_tag?post=1739"}],"curies":[{"name":"wp","href":"https:\/\/api.w.org\/{rel}","templated":true}]}}