{"id":1747,"date":"2021-01-18T23:59:31","date_gmt":"2021-01-18T09:10:31","guid":{"rendered":"https:\/\/www.easyspt.com\/shop\/easyspt100-full\/"},"modified":"2021-05-10T17:25:19","modified_gmt":"2021-05-10T15:25:19","slug":"easyspt100-full","status":"publish","type":"product","link":"https:\/\/www.easyspt.com\/it\/shop\/easyspt100-full\/","title":{"rendered":"easySPT100 Full"},"content":{"rendered":"<p>easySPT100 Full version.<\/p>\n","protected":false},"excerpt":{"rendered":"<p>Versione &#8220;Full&#8221; della famiglia easySPT100 con testata giornaliera. \u00c8 il campionatore tipo Hirst pi\u00f9 completo di questa famiglia per il campionamento all&#8217;aperto, dove non \u00e8 disponibile la rete elettrica ed \u00e8 richiesta l&#8217;alimentazione solare. Il contatto rotante e la coda permettono la rotazione dello strumento nella direzione del vento. Il parapioggia assicura una protezione all&#8217;ugello e all&#8217;interfaccia utente dalla pioggia. I due pannelli solari da 20W sono utilizzati per fornire l&#8217;energia sufficiente per caricare le batterie con diversi angoli di irraggiamento, questo permette una carica costante per diverse ore durante una giornata soleggiata. I 4 pacchi batteria permettono fino a 5 giorni di campionamento continuo senza sole o altre fonti di alimentazione.<\/p>\n","protected":false},"featured_media":1166,"comment_status":"closed","ping_status":"closed","template":"","meta":{"inline_featured_image":false},"product_brand":[],"product_cat":[71,72],"product_tag":[],"class_list":{"0":"post-1747","1":"product","2":"type-product","3":"status-publish","4":"has-post-thumbnail","6":"product_cat-air-samplers-it","7":"product_cat-easyspt100-family-it","9":"first","10":"instock","11":"taxable","12":"shipping-taxable","13":"purchasable","14":"product-type-variable"},"yoast_head":"<!-- This site is optimized with the Yoast SEO plugin v26.9 - https:\/\/yoast.com\/product\/yoast-seo-wordpress\/ -->\n<title>EasySPT100 Full suited for outdoor use and battery+solar supplied.<\/title>\n<meta name=\"description\" content=\"It\u2019s the most complete sampler of this family for outdoor sampling, where mains isn\u2019t available and solar energy is required\" \/>\n<meta name=\"robots\" content=\"index, follow, max-snippet:-1, max-image-preview:large, max-video-preview:-1\" \/>\n<link rel=\"canonical\" href=\"https:\/\/www.easyspt.com\/shop\/easyspt100-full\/\" \/>\n<meta property=\"og:locale\" content=\"it_IT\" \/>\n<meta property=\"og:type\" content=\"article\" \/>\n<meta property=\"og:title\" content=\"EasySPT100 Full suited for outdoor use and battery+solar supplied.\" \/>\n<meta property=\"og:description\" content=\"It\u2019s the most complete sampler of this family for outdoor sampling, where mains isn\u2019t available and solar energy is required\" \/>\n<meta property=\"og:url\" content=\"https:\/\/www.easyspt.com\/shop\/easyspt100-full\/\" \/>\n<meta property=\"og:site_name\" content=\"easySPT\" \/>\n<meta property=\"article:modified_time\" content=\"2021-05-10T15:25:19+00:00\" \/>\n<meta property=\"og:image\" content=\"https:\/\/www.easyspt.com\/wp-content\/uploads\/2021\/01\/easySPT100FullNewFront-easySPT.png\" \/>\n\t<meta property=\"og:image:width\" content=\"891\" \/>\n\t<meta property=\"og:image:height\" content=\"1200\" \/>\n\t<meta property=\"og:image:type\" content=\"image\/png\" \/>\n<meta name=\"twitter:card\" content=\"summary_large_image\" \/>\n<meta name=\"twitter:label1\" content=\"Tempo di lettura stimato\" \/>\n\t<meta name=\"twitter:data1\" content=\"1 minuto\" \/>\n<script type=\"application\/ld+json\" class=\"yoast-schema-graph\">{\"@context\":\"https:\/\/schema.org\",\"@graph\":[{\"@type\":\"WebPage\",\"@id\":\"https:\/\/www.easyspt.com\/shop\/easyspt100-full\/\",\"url\":\"https:\/\/www.easyspt.com\/shop\/easyspt100-full\/\",\"name\":\"EasySPT100 Full suited for outdoor use and battery+solar supplied.\",\"isPartOf\":{\"@id\":\"https:\/\/www.easyspt.com\/it\/#website\"},\"primaryImageOfPage\":{\"@id\":\"https:\/\/www.easyspt.com\/shop\/easyspt100-full\/#primaryimage\"},\"image\":{\"@id\":\"https:\/\/www.easyspt.com\/shop\/easyspt100-full\/#primaryimage\"},\"thumbnailUrl\":\"https:\/\/www.easyspt.com\/wp-content\/uploads\/2021\/01\/easySPT100FullNewFront-easySPT.png\",\"datePublished\":\"2021-01-18T09:10:31+00:00\",\"dateModified\":\"2021-05-10T15:25:19+00:00\",\"description\":\"It\u2019s the most complete sampler of this family for outdoor sampling, where mains isn\u2019t available and solar energy is required\",\"breadcrumb\":{\"@id\":\"https:\/\/www.easyspt.com\/shop\/easyspt100-full\/#breadcrumb\"},\"inLanguage\":\"it-IT\",\"potentialAction\":[{\"@type\":\"ReadAction\",\"target\":[\"https:\/\/www.easyspt.com\/shop\/easyspt100-full\/\"]}]},{\"@type\":\"ImageObject\",\"inLanguage\":\"it-IT\",\"@id\":\"https:\/\/www.easyspt.com\/shop\/easyspt100-full\/#primaryimage\",\"url\":\"https:\/\/www.easyspt.com\/wp-content\/uploads\/2021\/01\/easySPT100FullNewFront-easySPT.png\",\"contentUrl\":\"https:\/\/www.easyspt.com\/wp-content\/uploads\/2021\/01\/easySPT100FullNewFront-easySPT.png\",\"width\":891,\"height\":1200},{\"@type\":\"BreadcrumbList\",\"@id\":\"https:\/\/www.easyspt.com\/shop\/easyspt100-full\/#breadcrumb\",\"itemListElement\":[{\"@type\":\"ListItem\",\"position\":1,\"name\":\"Home\",\"item\":\"https:\/\/www.easyspt.com\/it\/\"},{\"@type\":\"ListItem\",\"position\":2,\"name\":\"Prodotti\",\"item\":\"https:\/\/www.easyspt.com\/it\/shop\/\"},{\"@type\":\"ListItem\",\"position\":3,\"name\":\"easySPT100 Full\"}]},{\"@type\":\"WebSite\",\"@id\":\"https:\/\/www.easyspt.com\/it\/#website\",\"url\":\"https:\/\/www.easyspt.com\/it\/\",\"name\":\"easySPT\",\"description\":\"volumetric pollen sampler instruments for spores and pollens sampling\",\"potentialAction\":[{\"@type\":\"SearchAction\",\"target\":{\"@type\":\"EntryPoint\",\"urlTemplate\":\"https:\/\/www.easyspt.com\/it\/?s={search_term_string}\"},\"query-input\":{\"@type\":\"PropertyValueSpecification\",\"valueRequired\":true,\"valueName\":\"search_term_string\"}}],\"inLanguage\":\"it-IT\"}]}<\/script>\n<!-- \/ Yoast SEO plugin. -->","yoast_head_json":{"title":"EasySPT100 Full suited for outdoor use and battery+solar supplied.","description":"It\u2019s the most complete sampler of this family for outdoor sampling, where mains isn\u2019t available and solar energy is required","robots":{"index":"index","follow":"follow","max-snippet":"max-snippet:-1","max-image-preview":"max-image-preview:large","max-video-preview":"max-video-preview:-1"},"canonical":"https:\/\/www.easyspt.com\/shop\/easyspt100-full\/","og_locale":"it_IT","og_type":"article","og_title":"EasySPT100 Full suited for outdoor use and battery+solar supplied.","og_description":"It\u2019s the most complete sampler of this family for outdoor sampling, where mains isn\u2019t available and solar energy is required","og_url":"https:\/\/www.easyspt.com\/shop\/easyspt100-full\/","og_site_name":"easySPT","article_modified_time":"2021-05-10T15:25:19+00:00","og_image":[{"width":891,"height":1200,"url":"https:\/\/www.easyspt.com\/wp-content\/uploads\/2021\/01\/easySPT100FullNewFront-easySPT.png","type":"image\/png"}],"twitter_card":"summary_large_image","twitter_misc":{"Tempo di lettura stimato":"1 minuto"},"schema":{"@context":"https:\/\/schema.org","@graph":[{"@type":"WebPage","@id":"https:\/\/www.easyspt.com\/shop\/easyspt100-full\/","url":"https:\/\/www.easyspt.com\/shop\/easyspt100-full\/","name":"EasySPT100 Full suited for outdoor use and battery+solar supplied.","isPartOf":{"@id":"https:\/\/www.easyspt.com\/it\/#website"},"primaryImageOfPage":{"@id":"https:\/\/www.easyspt.com\/shop\/easyspt100-full\/#primaryimage"},"image":{"@id":"https:\/\/www.easyspt.com\/shop\/easyspt100-full\/#primaryimage"},"thumbnailUrl":"https:\/\/www.easyspt.com\/wp-content\/uploads\/2021\/01\/easySPT100FullNewFront-easySPT.png","datePublished":"2021-01-18T09:10:31+00:00","dateModified":"2021-05-10T15:25:19+00:00","description":"It\u2019s the most complete sampler of this family for outdoor sampling, where mains isn\u2019t available and solar energy is required","breadcrumb":{"@id":"https:\/\/www.easyspt.com\/shop\/easyspt100-full\/#breadcrumb"},"inLanguage":"it-IT","potentialAction":[{"@type":"ReadAction","target":["https:\/\/www.easyspt.com\/shop\/easyspt100-full\/"]}]},{"@type":"ImageObject","inLanguage":"it-IT","@id":"https:\/\/www.easyspt.com\/shop\/easyspt100-full\/#primaryimage","url":"https:\/\/www.easyspt.com\/wp-content\/uploads\/2021\/01\/easySPT100FullNewFront-easySPT.png","contentUrl":"https:\/\/www.easyspt.com\/wp-content\/uploads\/2021\/01\/easySPT100FullNewFront-easySPT.png","width":891,"height":1200},{"@type":"BreadcrumbList","@id":"https:\/\/www.easyspt.com\/shop\/easyspt100-full\/#breadcrumb","itemListElement":[{"@type":"ListItem","position":1,"name":"Home","item":"https:\/\/www.easyspt.com\/it\/"},{"@type":"ListItem","position":2,"name":"Prodotti","item":"https:\/\/www.easyspt.com\/it\/shop\/"},{"@type":"ListItem","position":3,"name":"easySPT100 Full"}]},{"@type":"WebSite","@id":"https:\/\/www.easyspt.com\/it\/#website","url":"https:\/\/www.easyspt.com\/it\/","name":"easySPT","description":"volumetric pollen sampler instruments for spores and pollens sampling","potentialAction":[{"@type":"SearchAction","target":{"@type":"EntryPoint","urlTemplate":"https:\/\/www.easyspt.com\/it\/?s={search_term_string}"},"query-input":{"@type":"PropertyValueSpecification","valueRequired":true,"valueName":"search_term_string"}}],"inLanguage":"it-IT"}]}},"_links":{"self":[{"href":"https:\/\/www.easyspt.com\/it\/wp-json\/wp\/v2\/product\/1747","targetHints":{"allow":["GET"]}}],"collection":[{"href":"https:\/\/www.easyspt.com\/it\/wp-json\/wp\/v2\/product"}],"about":[{"href":"https:\/\/www.easyspt.com\/it\/wp-json\/wp\/v2\/types\/product"}],"replies":[{"embeddable":true,"href":"https:\/\/www.easyspt.com\/it\/wp-json\/wp\/v2\/comments?post=1747"}],"wp:featuredmedia":[{"embeddable":true,"href":"https:\/\/www.easyspt.com\/it\/wp-json\/wp\/v2\/media\/1166"}],"wp:attachment":[{"href":"https:\/\/www.easyspt.com\/it\/wp-json\/wp\/v2\/media?parent=1747"}],"wp:term":[{"taxonomy":"product_brand","embeddable":true,"href":"https:\/\/www.easyspt.com\/it\/wp-json\/wp\/v2\/product_brand?post=1747"},{"taxonomy":"product_cat","embeddable":true,"href":"https:\/\/www.easyspt.com\/it\/wp-json\/wp\/v2\/product_cat?post=1747"},{"taxonomy":"product_tag","embeddable":true,"href":"https:\/\/www.easyspt.com\/it\/wp-json\/wp\/v2\/product_tag?post=1747"}],"curies":[{"name":"wp","href":"https:\/\/api.w.org\/{rel}","templated":true}]}}