{"id":1767,"date":"2021-01-18T23:50:35","date_gmt":"2020-12-11T14:54:35","guid":{"rendered":"https:\/\/www.easyspt.com\/shop\/easystrip\/"},"modified":"2024-06-13T08:39:06","modified_gmt":"2024-06-13T06:39:06","slug":"easystrip","status":"publish","type":"product","link":"https:\/\/www.easyspt.com\/it\/shop\/easystrip\/","title":{"rendered":"easyStrip"},"content":{"rendered":"<p>Nastro in poliestere rivestito di silicone con dimensioni 20x349mm e spessore di 0.05mm. <\/p>\n","protected":false},"excerpt":{"rendered":"<p>Nastro di poliestere rivestito di silicone con dimensioni 20x349mm e spessore di 0.05mm. Il nastro \u00e8 pre-trattato con fluido siliconico e la deposizione \u00e8 uniforme per tutta la lunghezza del nastro grazie all&#8217;uso di macchinari di deposizione personalizzati. Lo spessore della deposizione \u00e8 studiato per evitare il collasso delle particelle al suo interno ma permette alle particelle di essere intrappolate e analizzate. Viene fornito in blister di plastica ed \u00e8 preparato per essere facilmente applicato sul tamburo. La quantit\u00e0 minima \u00e8 di 10 pezzi in una scatola di cartone.<\/p>\n","protected":false},"featured_media":760,"comment_status":"open","ping_status":"closed","template":"","meta":{"inline_featured_image":false},"product_brand":[],"product_cat":[67],"product_tag":[],"class_list":{"0":"post-1767","1":"product","2":"type-product","3":"status-publish","4":"has-post-thumbnail","6":"product_cat-accessories-it","8":"first","9":"instock","10":"taxable","11":"shipping-taxable","12":"purchasable","13":"product-type-simple"},"yoast_head":"<!-- This site is optimized with the Yoast SEO plugin v26.9 - https:\/\/yoast.com\/product\/yoast-seo-wordpress\/ -->\n<title>easyStrip - easySPT<\/title>\n<meta name=\"robots\" content=\"index, follow, max-snippet:-1, max-image-preview:large, max-video-preview:-1\" \/>\n<link rel=\"canonical\" href=\"https:\/\/www.easyspt.com\/shop\/easystrip\/\" \/>\n<meta property=\"og:locale\" content=\"it_IT\" \/>\n<meta property=\"og:type\" content=\"article\" \/>\n<meta property=\"og:title\" content=\"easyStrip - easySPT\" \/>\n<meta property=\"og:description\" content=\"Nastro di poliestere rivestito di silicone con dimensioni 20x349mm e spessore di 0.05mm. Il nastro \u00e8 pre-trattato con fluido siliconico e la deposizione \u00e8 uniforme per tutta la lunghezza del nastro grazie all&#039;uso di macchinari di deposizione personalizzati. Lo spessore della deposizione \u00e8 studiato per evitare il collasso delle particelle al suo interno ma permette alle particelle di essere intrappolate e analizzate. Viene fornito in blister di plastica ed \u00e8 preparato per essere facilmente applicato sul tamburo. La quantit\u00e0 minima \u00e8 di 10 pezzi in una scatola di cartone.\" \/>\n<meta property=\"og:url\" content=\"https:\/\/www.easyspt.com\/shop\/easystrip\/\" \/>\n<meta property=\"og:site_name\" content=\"easySPT\" \/>\n<meta property=\"article:modified_time\" content=\"2024-06-13T06:39:06+00:00\" \/>\n<meta property=\"og:image\" content=\"https:\/\/www.easyspt.com\/wp-content\/uploads\/2020\/12\/easyStrip-EasySPT.png\" \/>\n\t<meta property=\"og:image:width\" content=\"1200\" \/>\n\t<meta property=\"og:image:height\" content=\"900\" \/>\n\t<meta property=\"og:image:type\" content=\"image\/png\" \/>\n<meta name=\"twitter:card\" content=\"summary_large_image\" \/>\n<script type=\"application\/ld+json\" class=\"yoast-schema-graph\">{\"@context\":\"https:\/\/schema.org\",\"@graph\":[{\"@type\":\"WebPage\",\"@id\":\"https:\/\/www.easyspt.com\/shop\/easystrip\/\",\"url\":\"https:\/\/www.easyspt.com\/shop\/easystrip\/\",\"name\":\"easyStrip - easySPT\",\"isPartOf\":{\"@id\":\"https:\/\/www.easyspt.com\/it\/#website\"},\"primaryImageOfPage\":{\"@id\":\"https:\/\/www.easyspt.com\/shop\/easystrip\/#primaryimage\"},\"image\":{\"@id\":\"https:\/\/www.easyspt.com\/shop\/easystrip\/#primaryimage\"},\"thumbnailUrl\":\"https:\/\/www.easyspt.com\/wp-content\/uploads\/2020\/12\/easyStrip-EasySPT.png\",\"datePublished\":\"2020-12-11T14:54:35+00:00\",\"dateModified\":\"2024-06-13T06:39:06+00:00\",\"breadcrumb\":{\"@id\":\"https:\/\/www.easyspt.com\/shop\/easystrip\/#breadcrumb\"},\"inLanguage\":\"it-IT\",\"potentialAction\":[{\"@type\":\"ReadAction\",\"target\":[\"https:\/\/www.easyspt.com\/shop\/easystrip\/\"]}]},{\"@type\":\"ImageObject\",\"inLanguage\":\"it-IT\",\"@id\":\"https:\/\/www.easyspt.com\/shop\/easystrip\/#primaryimage\",\"url\":\"https:\/\/www.easyspt.com\/wp-content\/uploads\/2020\/12\/easyStrip-EasySPT.png\",\"contentUrl\":\"https:\/\/www.easyspt.com\/wp-content\/uploads\/2020\/12\/easyStrip-EasySPT.png\",\"width\":1200,\"height\":900},{\"@type\":\"BreadcrumbList\",\"@id\":\"https:\/\/www.easyspt.com\/shop\/easystrip\/#breadcrumb\",\"itemListElement\":[{\"@type\":\"ListItem\",\"position\":1,\"name\":\"Home\",\"item\":\"https:\/\/www.easyspt.com\/it\/\"},{\"@type\":\"ListItem\",\"position\":2,\"name\":\"Prodotti\",\"item\":\"https:\/\/www.easyspt.com\/it\/shop\/\"},{\"@type\":\"ListItem\",\"position\":3,\"name\":\"easyStrip\"}]},{\"@type\":\"WebSite\",\"@id\":\"https:\/\/www.easyspt.com\/it\/#website\",\"url\":\"https:\/\/www.easyspt.com\/it\/\",\"name\":\"easySPT\",\"description\":\"volumetric pollen sampler instruments for spores and pollens sampling\",\"potentialAction\":[{\"@type\":\"SearchAction\",\"target\":{\"@type\":\"EntryPoint\",\"urlTemplate\":\"https:\/\/www.easyspt.com\/it\/?s={search_term_string}\"},\"query-input\":{\"@type\":\"PropertyValueSpecification\",\"valueRequired\":true,\"valueName\":\"search_term_string\"}}],\"inLanguage\":\"it-IT\"}]}<\/script>\n<!-- \/ Yoast SEO plugin. -->","yoast_head_json":{"title":"easyStrip - easySPT","robots":{"index":"index","follow":"follow","max-snippet":"max-snippet:-1","max-image-preview":"max-image-preview:large","max-video-preview":"max-video-preview:-1"},"canonical":"https:\/\/www.easyspt.com\/shop\/easystrip\/","og_locale":"it_IT","og_type":"article","og_title":"easyStrip - easySPT","og_description":"Nastro di poliestere rivestito di silicone con dimensioni 20x349mm e spessore di 0.05mm. Il nastro \u00e8 pre-trattato con fluido siliconico e la deposizione \u00e8 uniforme per tutta la lunghezza del nastro grazie all'uso di macchinari di deposizione personalizzati. Lo spessore della deposizione \u00e8 studiato per evitare il collasso delle particelle al suo interno ma permette alle particelle di essere intrappolate e analizzate. Viene fornito in blister di plastica ed \u00e8 preparato per essere facilmente applicato sul tamburo. La quantit\u00e0 minima \u00e8 di 10 pezzi in una scatola di cartone.","og_url":"https:\/\/www.easyspt.com\/shop\/easystrip\/","og_site_name":"easySPT","article_modified_time":"2024-06-13T06:39:06+00:00","og_image":[{"width":1200,"height":900,"url":"https:\/\/www.easyspt.com\/wp-content\/uploads\/2020\/12\/easyStrip-EasySPT.png","type":"image\/png"}],"twitter_card":"summary_large_image","schema":{"@context":"https:\/\/schema.org","@graph":[{"@type":"WebPage","@id":"https:\/\/www.easyspt.com\/shop\/easystrip\/","url":"https:\/\/www.easyspt.com\/shop\/easystrip\/","name":"easyStrip - easySPT","isPartOf":{"@id":"https:\/\/www.easyspt.com\/it\/#website"},"primaryImageOfPage":{"@id":"https:\/\/www.easyspt.com\/shop\/easystrip\/#primaryimage"},"image":{"@id":"https:\/\/www.easyspt.com\/shop\/easystrip\/#primaryimage"},"thumbnailUrl":"https:\/\/www.easyspt.com\/wp-content\/uploads\/2020\/12\/easyStrip-EasySPT.png","datePublished":"2020-12-11T14:54:35+00:00","dateModified":"2024-06-13T06:39:06+00:00","breadcrumb":{"@id":"https:\/\/www.easyspt.com\/shop\/easystrip\/#breadcrumb"},"inLanguage":"it-IT","potentialAction":[{"@type":"ReadAction","target":["https:\/\/www.easyspt.com\/shop\/easystrip\/"]}]},{"@type":"ImageObject","inLanguage":"it-IT","@id":"https:\/\/www.easyspt.com\/shop\/easystrip\/#primaryimage","url":"https:\/\/www.easyspt.com\/wp-content\/uploads\/2020\/12\/easyStrip-EasySPT.png","contentUrl":"https:\/\/www.easyspt.com\/wp-content\/uploads\/2020\/12\/easyStrip-EasySPT.png","width":1200,"height":900},{"@type":"BreadcrumbList","@id":"https:\/\/www.easyspt.com\/shop\/easystrip\/#breadcrumb","itemListElement":[{"@type":"ListItem","position":1,"name":"Home","item":"https:\/\/www.easyspt.com\/it\/"},{"@type":"ListItem","position":2,"name":"Prodotti","item":"https:\/\/www.easyspt.com\/it\/shop\/"},{"@type":"ListItem","position":3,"name":"easyStrip"}]},{"@type":"WebSite","@id":"https:\/\/www.easyspt.com\/it\/#website","url":"https:\/\/www.easyspt.com\/it\/","name":"easySPT","description":"volumetric pollen sampler instruments for spores and pollens sampling","potentialAction":[{"@type":"SearchAction","target":{"@type":"EntryPoint","urlTemplate":"https:\/\/www.easyspt.com\/it\/?s={search_term_string}"},"query-input":{"@type":"PropertyValueSpecification","valueRequired":true,"valueName":"search_term_string"}}],"inLanguage":"it-IT"}]}},"_links":{"self":[{"href":"https:\/\/www.easyspt.com\/it\/wp-json\/wp\/v2\/product\/1767","targetHints":{"allow":["GET"]}}],"collection":[{"href":"https:\/\/www.easyspt.com\/it\/wp-json\/wp\/v2\/product"}],"about":[{"href":"https:\/\/www.easyspt.com\/it\/wp-json\/wp\/v2\/types\/product"}],"replies":[{"embeddable":true,"href":"https:\/\/www.easyspt.com\/it\/wp-json\/wp\/v2\/comments?post=1767"}],"wp:featuredmedia":[{"embeddable":true,"href":"https:\/\/www.easyspt.com\/it\/wp-json\/wp\/v2\/media\/760"}],"wp:attachment":[{"href":"https:\/\/www.easyspt.com\/it\/wp-json\/wp\/v2\/media?parent=1767"}],"wp:term":[{"taxonomy":"product_brand","embeddable":true,"href":"https:\/\/www.easyspt.com\/it\/wp-json\/wp\/v2\/product_brand?post=1767"},{"taxonomy":"product_cat","embeddable":true,"href":"https:\/\/www.easyspt.com\/it\/wp-json\/wp\/v2\/product_cat?post=1767"},{"taxonomy":"product_tag","embeddable":true,"href":"https:\/\/www.easyspt.com\/it\/wp-json\/wp\/v2\/product_tag?post=1767"}],"curies":[{"name":"wp","href":"https:\/\/api.w.org\/{rel}","templated":true}]}}