{"id":1880,"date":"2021-01-18T23:51:36","date_gmt":"2020-12-22T14:36:36","guid":{"rendered":"https:\/\/www.easyspt.com\/shop\/easyflux\/"},"modified":"2026-02-09T08:23:53","modified_gmt":"2026-02-09T07:23:53","slug":"easyflux","status":"publish","type":"product","link":"https:\/\/www.easyspt.com\/it\/shop\/easyflux\/","title":{"rendered":"easyFlux"},"content":{"rendered":"<p style=\"\"text-align: justify;\"\">Flussimetro elettronico per la misurazione di flussi d&#8217;aria da 0 a 100 litri al minuto con precisione dell&#8217;1,5%. Il sensore \u00e8 equipaggiato anche di un sensore di pressione e di un sensore di temperatura per adattare il valore di flusso letto, espresso in slm (litri al minuto standard a 20\u00b0C e 1013 mbar), in litri al minuto misurati alle condizioni ambientali. Queste informazioni sono a disposizione dell&#8217;utente in aggiunta alla misura di flusso. Lo spegnimento \u00e8 automatico e avviene in due situazioni:<\/p>\n<ul>\n<li style=\"\"text-align: justify;\"\">Dopo 3 minuti di inattivit\u00e0 quando il flusso \u00e8 inferiore a 1l\/m.<\/li>\n<p>.<\/p>\n<li style=\"\"text-align: justify;\"\">Se il livello della batteria \u00e8 basso (Un messaggio sar\u00e0 visualizzato prima).<\/li>\n<\/ul>\n<p style=\"\"text-align: left;\"\">Lo strumento \u00e8 dotato di una batteria al NiMh di 3.6V 1600mAh che permette un minimo di 8h di utilizzo continuo.Il connettore USB Mini presente nella parte inferiore dello strumento viene utilizzato per caricare la batteria utilizzando l&#8217;alimentatore in dotazione o utilizzando un adattatore da muro standard da 5V con lo stesso connettore. Il caricabatterie impiega almeno 13 ore per caricare completamente le batterie. Il led indica che l&#8217;alimentazione \u00e8 presente e la batteria \u00e8 in carica, a carica terminata il led si spegne (Il led impiega pi\u00f9 di 24 ore per spegnersi ma le batterie sono sufficientemente cariche anche dopo 13h).<\/p>\n","protected":false},"excerpt":{"rendered":"<p>Flussimetro elettronico, calibrato per la misurazione di flussi d&#8217;aria da 0 a 100 litri al minuto con precisione dell&#8217;1,5%. Il sensore di flusso \u00e8 dotato di sensore di pressione e temperatura per calibrare le misure in ogni condizione ambientale.<\/p>\n","protected":false},"featured_media":908,"comment_status":"open","ping_status":"closed","template":"","meta":{"inline_featured_image":false},"product_brand":[],"product_cat":[67,72,68],"product_tag":[],"class_list":{"0":"post-1880","1":"product","2":"type-product","3":"status-publish","4":"has-post-thumbnail","6":"product_cat-accessories-it","7":"product_cat-easyspt100-family-it","8":"product_cat-easyspt200-family-it","10":"first","11":"onbackorder","12":"taxable","13":"shipping-taxable","14":"purchasable","15":"product-type-simple"},"yoast_head":"<!-- This site is optimized with the Yoast SEO plugin v26.9 - https:\/\/yoast.com\/product\/yoast-seo-wordpress\/ -->\n<title>easyFlux - easySPT<\/title>\n<meta name=\"description\" content=\"Cutter to prepare the samples for analysis.\" \/>\n<meta name=\"robots\" content=\"index, follow, max-snippet:-1, max-image-preview:large, max-video-preview:-1\" \/>\n<link rel=\"canonical\" href=\"https:\/\/www.easyspt.com\/it\/shop\/easyflux\/\" \/>\n<meta property=\"og:locale\" content=\"it_IT\" \/>\n<meta property=\"og:type\" content=\"article\" \/>\n<meta property=\"og:title\" content=\"easyFlux - easySPT\" \/>\n<meta property=\"og:description\" content=\"Cutter to prepare the samples for analysis.\" \/>\n<meta property=\"og:url\" content=\"https:\/\/www.easyspt.com\/it\/shop\/easyflux\/\" \/>\n<meta property=\"og:site_name\" content=\"easySPT\" \/>\n<meta property=\"article:modified_time\" content=\"2026-02-09T07:23:53+00:00\" \/>\n<meta property=\"og:image\" content=\"https:\/\/www.easyspt.com\/wp-content\/uploads\/2020\/12\/easyFluxDiglitalFlowMeter-EasySPT.png\" \/>\n\t<meta property=\"og:image:width\" content=\"1200\" \/>\n\t<meta property=\"og:image:height\" content=\"900\" \/>\n\t<meta property=\"og:image:type\" content=\"image\/png\" \/>\n<meta name=\"twitter:card\" content=\"summary_large_image\" \/>\n<meta name=\"twitter:label1\" content=\"Tempo di lettura stimato\" \/>\n\t<meta name=\"twitter:data1\" content=\"1 minuto\" \/>\n<script type=\"application\/ld+json\" class=\"yoast-schema-graph\">{\"@context\":\"https:\/\/schema.org\",\"@graph\":[{\"@type\":\"WebPage\",\"@id\":\"https:\/\/www.easyspt.com\/it\/shop\/easyflux\/\",\"url\":\"https:\/\/www.easyspt.com\/it\/shop\/easyflux\/\",\"name\":\"easyFlux - easySPT\",\"isPartOf\":{\"@id\":\"https:\/\/www.easyspt.com\/it\/#website\"},\"primaryImageOfPage\":{\"@id\":\"https:\/\/www.easyspt.com\/it\/shop\/easyflux\/#primaryimage\"},\"image\":{\"@id\":\"https:\/\/www.easyspt.com\/it\/shop\/easyflux\/#primaryimage\"},\"thumbnailUrl\":\"https:\/\/www.easyspt.com\/wp-content\/uploads\/2020\/12\/easyFluxDiglitalFlowMeter-EasySPT.png\",\"datePublished\":\"2020-12-22T14:36:36+00:00\",\"dateModified\":\"2026-02-09T07:23:53+00:00\",\"description\":\"Cutter to prepare the samples for analysis.\",\"breadcrumb\":{\"@id\":\"https:\/\/www.easyspt.com\/it\/shop\/easyflux\/#breadcrumb\"},\"inLanguage\":\"it-IT\",\"potentialAction\":[{\"@type\":\"ReadAction\",\"target\":[\"https:\/\/www.easyspt.com\/it\/shop\/easyflux\/\"]}]},{\"@type\":\"ImageObject\",\"inLanguage\":\"it-IT\",\"@id\":\"https:\/\/www.easyspt.com\/it\/shop\/easyflux\/#primaryimage\",\"url\":\"https:\/\/www.easyspt.com\/wp-content\/uploads\/2020\/12\/easyFluxDiglitalFlowMeter-EasySPT.png\",\"contentUrl\":\"https:\/\/www.easyspt.com\/wp-content\/uploads\/2020\/12\/easyFluxDiglitalFlowMeter-EasySPT.png\",\"width\":1200,\"height\":900},{\"@type\":\"BreadcrumbList\",\"@id\":\"https:\/\/www.easyspt.com\/it\/shop\/easyflux\/#breadcrumb\",\"itemListElement\":[{\"@type\":\"ListItem\",\"position\":1,\"name\":\"Home\",\"item\":\"https:\/\/www.easyspt.com\/it\/\"},{\"@type\":\"ListItem\",\"position\":2,\"name\":\"Prodotti\",\"item\":\"https:\/\/www.easyspt.com\/it\/shop\/\"},{\"@type\":\"ListItem\",\"position\":3,\"name\":\"easyFlux\"}]},{\"@type\":\"WebSite\",\"@id\":\"https:\/\/www.easyspt.com\/it\/#website\",\"url\":\"https:\/\/www.easyspt.com\/it\/\",\"name\":\"easySPT\",\"description\":\"volumetric pollen sampler instruments for spores and pollens sampling\",\"potentialAction\":[{\"@type\":\"SearchAction\",\"target\":{\"@type\":\"EntryPoint\",\"urlTemplate\":\"https:\/\/www.easyspt.com\/it\/?s={search_term_string}\"},\"query-input\":{\"@type\":\"PropertyValueSpecification\",\"valueRequired\":true,\"valueName\":\"search_term_string\"}}],\"inLanguage\":\"it-IT\"}]}<\/script>\n<!-- \/ Yoast SEO plugin. -->","yoast_head_json":{"title":"easyFlux - easySPT","description":"Cutter to prepare the samples for analysis.","robots":{"index":"index","follow":"follow","max-snippet":"max-snippet:-1","max-image-preview":"max-image-preview:large","max-video-preview":"max-video-preview:-1"},"canonical":"https:\/\/www.easyspt.com\/it\/shop\/easyflux\/","og_locale":"it_IT","og_type":"article","og_title":"easyFlux - easySPT","og_description":"Cutter to prepare the samples for analysis.","og_url":"https:\/\/www.easyspt.com\/it\/shop\/easyflux\/","og_site_name":"easySPT","article_modified_time":"2026-02-09T07:23:53+00:00","og_image":[{"width":1200,"height":900,"url":"https:\/\/www.easyspt.com\/wp-content\/uploads\/2020\/12\/easyFluxDiglitalFlowMeter-EasySPT.png","type":"image\/png"}],"twitter_card":"summary_large_image","twitter_misc":{"Tempo di lettura stimato":"1 minuto"},"schema":{"@context":"https:\/\/schema.org","@graph":[{"@type":"WebPage","@id":"https:\/\/www.easyspt.com\/it\/shop\/easyflux\/","url":"https:\/\/www.easyspt.com\/it\/shop\/easyflux\/","name":"easyFlux - easySPT","isPartOf":{"@id":"https:\/\/www.easyspt.com\/it\/#website"},"primaryImageOfPage":{"@id":"https:\/\/www.easyspt.com\/it\/shop\/easyflux\/#primaryimage"},"image":{"@id":"https:\/\/www.easyspt.com\/it\/shop\/easyflux\/#primaryimage"},"thumbnailUrl":"https:\/\/www.easyspt.com\/wp-content\/uploads\/2020\/12\/easyFluxDiglitalFlowMeter-EasySPT.png","datePublished":"2020-12-22T14:36:36+00:00","dateModified":"2026-02-09T07:23:53+00:00","description":"Cutter to prepare the samples for analysis.","breadcrumb":{"@id":"https:\/\/www.easyspt.com\/it\/shop\/easyflux\/#breadcrumb"},"inLanguage":"it-IT","potentialAction":[{"@type":"ReadAction","target":["https:\/\/www.easyspt.com\/it\/shop\/easyflux\/"]}]},{"@type":"ImageObject","inLanguage":"it-IT","@id":"https:\/\/www.easyspt.com\/it\/shop\/easyflux\/#primaryimage","url":"https:\/\/www.easyspt.com\/wp-content\/uploads\/2020\/12\/easyFluxDiglitalFlowMeter-EasySPT.png","contentUrl":"https:\/\/www.easyspt.com\/wp-content\/uploads\/2020\/12\/easyFluxDiglitalFlowMeter-EasySPT.png","width":1200,"height":900},{"@type":"BreadcrumbList","@id":"https:\/\/www.easyspt.com\/it\/shop\/easyflux\/#breadcrumb","itemListElement":[{"@type":"ListItem","position":1,"name":"Home","item":"https:\/\/www.easyspt.com\/it\/"},{"@type":"ListItem","position":2,"name":"Prodotti","item":"https:\/\/www.easyspt.com\/it\/shop\/"},{"@type":"ListItem","position":3,"name":"easyFlux"}]},{"@type":"WebSite","@id":"https:\/\/www.easyspt.com\/it\/#website","url":"https:\/\/www.easyspt.com\/it\/","name":"easySPT","description":"volumetric pollen sampler instruments for spores and pollens sampling","potentialAction":[{"@type":"SearchAction","target":{"@type":"EntryPoint","urlTemplate":"https:\/\/www.easyspt.com\/it\/?s={search_term_string}"},"query-input":{"@type":"PropertyValueSpecification","valueRequired":true,"valueName":"search_term_string"}}],"inLanguage":"it-IT"}]}},"_links":{"self":[{"href":"https:\/\/www.easyspt.com\/it\/wp-json\/wp\/v2\/product\/1880","targetHints":{"allow":["GET"]}}],"collection":[{"href":"https:\/\/www.easyspt.com\/it\/wp-json\/wp\/v2\/product"}],"about":[{"href":"https:\/\/www.easyspt.com\/it\/wp-json\/wp\/v2\/types\/product"}],"replies":[{"embeddable":true,"href":"https:\/\/www.easyspt.com\/it\/wp-json\/wp\/v2\/comments?post=1880"}],"wp:featuredmedia":[{"embeddable":true,"href":"https:\/\/www.easyspt.com\/it\/wp-json\/wp\/v2\/media\/908"}],"wp:attachment":[{"href":"https:\/\/www.easyspt.com\/it\/wp-json\/wp\/v2\/media?parent=1880"}],"wp:term":[{"taxonomy":"product_brand","embeddable":true,"href":"https:\/\/www.easyspt.com\/it\/wp-json\/wp\/v2\/product_brand?post=1880"},{"taxonomy":"product_cat","embeddable":true,"href":"https:\/\/www.easyspt.com\/it\/wp-json\/wp\/v2\/product_cat?post=1880"},{"taxonomy":"product_tag","embeddable":true,"href":"https:\/\/www.easyspt.com\/it\/wp-json\/wp\/v2\/product_tag?post=1880"}],"curies":[{"name":"wp","href":"https:\/\/api.w.org\/{rel}","templated":true}]}}